{"id":2166,"date":"2019-06-06T14:07:54","date_gmt":"2019-06-06T14:07:54","guid":{"rendered":"https:\/\/provasiti.it\/?page_id=2166"},"modified":"2022-11-10T11:20:48","modified_gmt":"2022-11-10T11:20:48","slug":"ciclo-serbia","status":"publish","type":"page","link":"https:\/\/agostinobergo.art\/index.php\/ciclo-serbia\/","title":{"rendered":"Ciclo Serbia"},"content":{"rendered":"<p>[et_pb_section fb_built=&#8221;1&#8243; _builder_version=&#8221;4.16&#8243; custom_padding=&#8221;||0px|||&#8221; global_colors_info=&#8221;{}&#8221;][et_pb_row _builder_version=&#8221;4.16&#8243; custom_margin=&#8221;-29px|auto||auto||&#8221; custom_padding=&#8221;0px|||||&#8221; global_colors_info=&#8221;{}&#8221;][et_pb_column type=&#8221;4_4&#8243; _builder_version=&#8221;4.16&#8243; custom_padding=&#8221;|||&#8221; global_colors_info=&#8221;{}&#8221; custom_padding__hover=&#8221;|||&#8221;][et_pb_text _builder_version=&#8221;4.16&#8243; text_font=&#8221;Verdana||||||||&#8221; custom_padding=&#8221;0px|||||&#8221; global_colors_info=&#8221;{}&#8221;]<\/p>\n<h1 style=\"text-align: center;\">Ciclo Serbia<\/h1>\n<p>[\/et_pb_text][et_pb_text _builder_version=&#8221;4.16&#8243; text_font=&#8221;Verdana||||||||&#8221; header_font=&#8221;||||||||&#8221; text_orientation=&#8221;justify&#8221; custom_margin=&#8221;15px||30px|||&#8221; text_text_align=&#8221;justify&#8221; global_colors_info=&#8221;{}&#8221;]<\/p>\n<p style=\"text-align: center;\">\u00a9 Agostino Bergo (2013 \u2013 2019)<\/p>\n<p style=\"text-align: center;\">\u00a0politico allegorico, in acrilico su tela, sulle citt\u00e0 simbolo del conflitto e della rinascita, anche estetica, della Serbia, evolutosi, nel corso del 2013, una collaborazione artistica con la soprano serba Katarina Simovic Ivankovic (University Professor and Soprano in Choir of the Faculty of Arts in Nis \u2013 SRB \u2013 University), sotto l\u2019egida della Societ\u00e0 Dante Alighieri, Comitato di Nis (SBR) e del Centro Culturale di Knjazevac (SBR).<\/p>\n<p>[\/et_pb_text][\/et_pb_column][\/et_pb_row][et_pb_row _builder_version=&#8221;4.17.6&#8243; _module_preset=&#8221;default&#8221; global_colors_info=&#8221;{}&#8221; locked=&#8221;off&#8221;][et_pb_column type=&#8221;4_4&#8243; _builder_version=&#8221;4.17.6&#8243; _module_preset=&#8221;default&#8221; global_colors_info=&#8221;{}&#8221;][et_pb_image src=&#8221;https:\/\/agostinobergo.art\/wp-content\/uploads\/2019\/06\/020Novi-Sad1.jpg&#8221; title_text=&#8221;020Novi-Sad1&#8243; _builder_version=&#8221;4.17.6&#8243; _module_preset=&#8221;default&#8221; hover_enabled=&#8221;0&#8243; global_colors_info=&#8221;{}&#8221; sticky_enabled=&#8221;0&#8243; url=&#8221;https:\/\/agostinobergo.art\/index.php\/kivankovic\/&#8221;][\/et_pb_image][et_pb_text _builder_version=&#8221;4.17.6&#8243; _module_preset=&#8221;default&#8221; hover_enabled=&#8221;0&#8243; global_colors_info=&#8221;{}&#8221; sticky_enabled=&#8221;0&#8243;]<\/p>\n<h2><strong>Novi Sad<\/strong><\/h2>\n<p>\u00a9 Agostino Bergo (2013 \u2013 2019) &#8211; Dimensioni: 100 x 80 x 2 cm<\/p>\n<p><strong>Concept: <\/strong>\u201cSerbia\u201d \u00a9 Agostino Bergo (2013 \u2013 2019). Tela. 1 (in alto a sinistra)<br \/><strong>Titolo:<\/strong> \u201cNovi Sad\u201d \u00a9 Agostino Bergo (2013 \u2013 2019)<br \/><strong>Autore:<\/strong> Agostino Bergo<br \/><strong>Tecnica:<\/strong> Acrilico<br \/><strong>Supporto:<\/strong> Tela<br \/><strong>Dimensioni: <\/strong>100 x 80 x 2 cm<br \/><strong>Esecutore materiale:<\/strong> Agostino Bergo<br \/><strong>Sviluppo Progetto complessivo:<\/strong> Agostino Bergo<br \/><strong>Sviluppo Progetto artistico:<\/strong> Agostino Bergo<br \/><strong>Sviluppo contenuti ed esegesi <\/strong>Agostino Bergo<br \/><strong>Sviluppo artistico:<\/strong> Agostino Bergo<br \/><strong>Sviluppo intellettuale: <\/strong>Agostino Bergo<br \/><strong>Sviluppo pose\/composizione artistica: <\/strong>Agostino Bergo<br \/><strong>Aforisma di riferimento:<\/strong> \u201cHo una scelta: o sar\u00f2 una marionetta o la mia vita sar\u00e0 appesa ad un filo.\u201d (Radomir Jovanovic)<br \/><strong>Modella: <\/strong>Eleonora Trezzi<br \/><strong>Scatti preparatori:<\/strong> Agostino Bergo<br \/><strong>Reportage preparazione dell&#8217;opera: <\/strong>Agostino Bergo<br \/><strong>Estrapolazione digitale di fotogrammi da filmati storici: <\/strong>Agostino Bergo<br \/><strong>Scatti opera definitiva: <\/strong>Danilo Fracassa<br \/><strong>Data di creazione: <\/strong>20.02.2014<br \/><strong>Collaborazione artistica: <\/strong>Katarina Simovic Ivankovic<br \/><strong>Interpretazione Brano di accompagnamento all&#8217;opera: <\/strong>Katarina Simovic Ivankovic<br \/><strong>Scelta brano di accompagnamento all&#8217;opera: <\/strong>Katarina Simovic Ivankovic<br \/><strong>Esecuzione Brano di accompagnamento all&#8217;opera: <\/strong>Katarina Simovic Ivankovic\u00a0 (Soprano), Dragana Djordjevic (Piano)<br \/><strong>Comunicazione, promozione e sviluppo collaborazione artistica: <\/strong>Gaetano e Slavica Paolillo della Societ\u00e0 Dante Alighieri, Comitato di Nis (SRB)<br \/><strong>Realizzazione contributi video: <\/strong>Gaetano e Slavica Paolillo della Societ\u00e0 Dante Alighieri, Comitato di Nis (SRB)<br \/><strong>Autorizzazione a pubblicazione contenuti video: <\/strong>Gaetano e Slavica Paolillo della Societ\u00e0 Dante Alighieri, Comitato di Nis (SRB)<br \/><strong>Data e luogo realizzazione contributi video: <\/strong>24.06.2013, Auditorium Universit\u00e0 di Nis (SRB)<br \/><strong>Tema: <\/strong>Prendendo le mosse dall&#8217;ispirata visione etica della pittura decodificata da Vincent van Gogh, l&#8217;arte aspira ad impossessarsi di quello che un tempo era appartenuto alla religione: la consolazione per la nostra mortalit\u00e0 mediante la gioia nella contemplazione del dono della vita.<br \/><strong>Impianto compositivo: <\/strong>Contemplando l&#8217;inadeguatezza della religione e della politica nel rispondere alle istanze individuali e nella cura del dolore, l&#8217;arte, attraverso la sua espressione musicale, sublima, consola e conduce se stessa ed il singolo alla liberazione suprema. Anche dalle bombe.<br \/><strong>Traduzione Testi: <\/strong>Marta Bergo<\/p>\n<p>[\/et_pb_text][\/et_pb_column][\/et_pb_row][et_pb_row _builder_version=&#8221;4.17.6&#8243; _module_preset=&#8221;default&#8221; global_colors_info=&#8221;{}&#8221; locked=&#8221;off&#8221;][et_pb_column type=&#8221;4_4&#8243; _builder_version=&#8221;4.17.6&#8243; _module_preset=&#8221;default&#8221; global_colors_info=&#8221;{}&#8221;][et_pb_image src=&#8221;https:\/\/agostinobergo.art\/wp-content\/uploads\/2019\/06\/054Belgrado.jpg&#8221; title_text=&#8221;054Belgrado&#8221; _builder_version=&#8221;4.17.6&#8243; _module_preset=&#8221;default&#8221; hover_enabled=&#8221;0&#8243; global_colors_info=&#8221;{}&#8221; sticky_enabled=&#8221;0&#8243; url=&#8221;https:\/\/agostinobergo.art\/index.php\/recensioni\/&#8221;][\/et_pb_image][et_pb_text _builder_version=&#8221;4.17.6&#8243; _module_preset=&#8221;default&#8221; hover_enabled=&#8221;0&#8243; global_colors_info=&#8221;{}&#8221; sticky_enabled=&#8221;0&#8243;]<\/p>\n<h2><strong>Belgrado<\/strong><\/h2>\n<p>\u00a9 Agostino Bergo (2013 \u2013 2019) &#8211; Dimensioni: 100 x 50 x 2 cm<\/p>\n<p><strong>Concept: <\/strong>\u201cSerbia\u201d \u00a9 Agostino Bergo (2013 \u2013 2019). Tela 2 (centrale, in alto)<br \/><strong>Titolo:<\/strong> \u201cBelgrado\u201d \u00a9 Agostino Bergo (2013 \u2013 2019)<br \/><strong>Autore:<\/strong> Agostino Bergo<br \/><strong>Tecnica:<\/strong> Acrilico su tela<br \/><strong>Dimensioni: <\/strong>100 x 50 x 2 cm<br \/><strong>Esecutore materiale:<\/strong> Agostino Bergo<br \/><strong>Sviluppo Progetto complessivo:<\/strong> Agostino Bergo<br \/><strong>Sviluppo Progetto artistico:<\/strong> Agostino Bergo<br \/><strong>Sviluppo contenuti ed esegesi <\/strong>Agostino Bergo<br \/><strong>Sviluppo artistico:<\/strong> Agostino Bergo<br \/><strong>Sviluppo intellettuale: <\/strong>Agostino Bergo<br \/><strong>Sviluppo pose\/composizione artistica: <\/strong>Agostino Bergo<br \/><strong>Aforisma di riferimento: <\/strong>\u201cBasta con la Morale! Sentiamo cosa dice la favola.\u201d (Iljia Markovic)<br \/><strong>Modella: <\/strong>Eleonora Trezzi<br \/><strong>Scatti preparatori:<\/strong> Agostino Bergo<br \/><strong>Reportage preparazione dell&#8217;opera: <\/strong>Agostino Bergo<br \/><strong>Scatti opera definitiva: <\/strong>Nathalie Pacheco Rodriguez<br \/><strong>Data di creazione: <\/strong>15.05.2013<br \/><strong>Collaborazione artistica: <\/strong>Katarina Simovic Ivankovic (soprano)<br \/><strong>Interpretazione Brano di accompagnamento all&#8217;opera: <\/strong>Katarina Simovic Ivankovic<br \/><strong>Scelta brano di accompagnamento all&#8217;opera: <\/strong>Katarina Simovic Ivankovic<br \/><strong>Esecuzione Brano di accompagnamento all&#8217;opera: <\/strong>Katarina Simovic Ivankovic\u00a0 (Soprano), Dragana Djordjevic (Piano)<br \/><strong>Comunicazione, promozione e sviluppo collaborazione artistica: <\/strong>Gaetano e Slavica Paolillo della Societ\u00e0 Dante Alighieri, Comitato di Nis (SRB)<br \/><strong>Realizzazione contributi video: <\/strong>Gaetano e Slavica Paolillo della Societ\u00e0 Dante Alighieri, Comitato di Nis (SRB)<br \/><strong>Autorizzazione a pubblicazione contenuti video: <\/strong>Gaetano e Slavica Paolillo della Societ\u00e0 Dante Alighieri, Comitato di Nis (SRB)<br \/><strong>Data e luogo realizzazione contributi video: <\/strong>24.06.2013, Auditorium Universit\u00e0 di Nis (SRB)<br \/><strong>Tema: <\/strong>Allegoria dello Spirito di Belgrado che converte l&#8217;energia esplosiva dei bombardamenti Nato del 1999 in energia creativa.<br \/><strong>Impianto compositivo: <\/strong>Rielaborazione della Genex-Tower di Belgrado, metafora della catalizzazione della creativit\u00e0 come evoluzione positiva dalla violenza.<br \/><strong>Traduzione Testi: <\/strong>Marta Bergo<br \/><strong>Video recensione:<\/strong> \u201cSpeaking about &#8220;Belgrade\u201d \u00a9 Agostino Bergo (2011 \u2013 2019), \u201c<strong>Giacomo d\u2019Alelio<\/strong> (Journalist and writer) for Elilim\u201d \u00a9 Agostino Bergo (2014 &#8211; 2019), Mexico City, 05.09.2014.<\/p>\n<p>[\/et_pb_text][\/et_pb_column][\/et_pb_row][et_pb_row _builder_version=&#8221;4.17.6&#8243; _module_preset=&#8221;default&#8221; global_colors_info=&#8221;{}&#8221; locked=&#8221;off&#8221;][et_pb_column type=&#8221;4_4&#8243; _builder_version=&#8221;4.17.6&#8243; _module_preset=&#8221;default&#8221; global_colors_info=&#8221;{}&#8221;][et_pb_image src=&#8221;https:\/\/agostinobergo.art\/wp-content\/uploads\/2019\/06\/055Knjazevac.jpg&#8221; title_text=&#8221;055Knjazevac&#8221; _builder_version=&#8221;4.17.6&#8243; _module_preset=&#8221;default&#8221; hover_enabled=&#8221;0&#8243; global_colors_info=&#8221;{}&#8221; sticky_enabled=&#8221;0&#8243; url=&#8221;https:\/\/agostinobergo.art\/index.php\/kivankovic\/&#8221;][\/et_pb_image][et_pb_text _builder_version=&#8221;4.17.6&#8243; _module_preset=&#8221;default&#8221; hover_enabled=&#8221;0&#8243; global_colors_info=&#8221;{}&#8221; sticky_enabled=&#8221;0&#8243;]<\/p>\n<h2><strong>Knjazevac. Rapsodia in Blue<\/strong><\/h2>\n<p>\u00a9 Agostino Bergo (2013 \u2013 2019) &#8211; Dimensioni: 100 x 70 x 2 cm<\/p>\n<p><strong>Concept: <\/strong>\u201cSerbia\u201d \u00a9 Agostino Bergo (2013 \u2013 2019). Tela. 3 (in alto a destra)<br \/><strong>Titolo:<\/strong> \u201cKnjazevac. Rapsodia in Blue\u201d \u00a9 Agostino Bergo (2013 \u2013 2019)<br \/><strong>Autore:<\/strong> Agostino Bergo<br \/><strong>Tecnica:<\/strong> Acrilico<br \/><strong>Supporto:<\/strong> tela<br \/><strong>Dimensioni: <\/strong>100 x 70 x 2 cm<br \/><strong>Esecutore materiale:<\/strong> Agostino Bergo<br \/><strong>Sviluppo Progetto complessivo:<\/strong> Agostino Bergo<br \/><strong>Sviluppo Progetto artistico:<\/strong> Agostino Bergo<br \/><strong>Sviluppo contenuti ed esegesi <\/strong>Agostino Bergo<br \/><strong>Sviluppo artistico:<\/strong> Agostino Bergo<br \/><strong>Sviluppo intellettuale: <\/strong>Agostino Bergo<br \/><strong>Sviluppo pose\/composizione artistica: <\/strong>Agostino Bergo<br \/><strong>Aforisma di riferimento:<\/strong> &#8220;\u00c8 successo qualcosa che continua a succedere. Qualcosa che mi vincola. Era notte ed adesso \u00e8 giorno. Tanto pi\u00f9 adesso. Chi era? Chi? Io ero in lei e lei era intorno a me chi al mondo pu\u00f2 dire di essere mai stato insieme ad un altro essere umano? Io sono insieme! Nessun bimbo mortale \u00e8 stato concepito, ma un&#8217;immagine immortale. Comune. Questa notte ho imparato a stupirmi. \u00c8 venuta a prendermi e l&#8217;ho trovata a casa. C&#8217;era una volta. C&#8217;era una volta e dunque ci sar\u00e0. L&#8217;immagine che abbiamo creato sar\u00e0 l&#8217;immagine che accompagner\u00e0 la mia morte. In quest&#8217;immagine avr\u00f2 vissuto. &#8221; (\u201cIl cielo sopra Berlino\u201d, Wim Wenders, Germania Ovest \u2013 Francia 1987)<br \/><strong>Modella: <\/strong>Jelena Dragicevic<br \/><strong>Scatti preparatori:<\/strong> Jelena Dragicevic<br \/><strong>Scatti studio ambientazione Dzervinova Vila, Knjazevac (SBR): <\/strong>Jelena Dragicevic<br \/><strong>Reportage preparazione dell&#8217;opera: <\/strong>Agostino Bergo<br \/><strong>Scatti opera definitiva: <\/strong>Danilo Fracassa<br \/><strong>Data di creazione: <\/strong>09.10.2013<br \/><strong>Tema: <\/strong>fugace momento di serenit\u00e0, connesso con l&#8217;intreccio di vicende personali<br \/><strong>Impianto compositivo: <\/strong>Rielaborazione della Dzervinova Vila di Knjazevac (SBR), come osservatorio intimo e privilegiato nella contemplazione del cosmo.<br \/><strong>Traduzione Testi: <\/strong>Marta Bergo<\/p>\n<p>[\/et_pb_text][\/et_pb_column][\/et_pb_row][et_pb_row _builder_version=&#8221;4.17.6&#8243; _module_preset=&#8221;default&#8221; global_colors_info=&#8221;{}&#8221; locked=&#8221;off&#8221;][et_pb_column type=&#8221;4_4&#8243; _builder_version=&#8221;4.17.6&#8243; _module_preset=&#8221;default&#8221; global_colors_info=&#8221;{}&#8221;][et_pb_image src=&#8221;https:\/\/agostinobergo.art\/wp-content\/uploads\/2019\/06\/023Nis1.jpg&#8221; title_text=&#8221;023Nis1&#8243; _builder_version=&#8221;4.17.6&#8243; _module_preset=&#8221;default&#8221; hover_enabled=&#8221;0&#8243; global_colors_info=&#8221;{}&#8221; sticky_enabled=&#8221;0&#8243; url=&#8221;https:\/\/agostinobergo.art\/index.php\/kivankovic\/&#8221;][\/et_pb_image][et_pb_text _builder_version=&#8221;4.17.6&#8243; _module_preset=&#8221;default&#8221; hover_enabled=&#8221;0&#8243; global_colors_info=&#8221;{}&#8221; sticky_enabled=&#8221;0&#8243;]<\/p>\n<h2><strong>Nis<\/strong><\/h2>\n<p>\u00a9 Agostino Bergo (2013 \u2013 2019) &#8211; Dimensioni: 60 x 80 x 2 cm<\/p>\n<p><strong>Concept: <\/strong>\u201cSerbia\u201d \u00a9 Agostino Bergo (2013 \u2013 2019). Tela 4. (in basso)<br \/><strong>Titolo:<\/strong> \u201cNis\u201d \u00a9 Agostino Bergo (2013 \u2013 2019)<br \/><strong>Autore:<\/strong> Agostino Bergo<br \/><strong>Tecnica:<\/strong> Acrilico<br \/><strong>Supporto:<\/strong> tela<br \/><strong>Dimensioni: <\/strong>60 x 80 x 2 cm<br \/><strong>Esecutore materiale:<\/strong> Agostino Bergo<br \/><strong>Sviluppo Progetto complessivo:<\/strong> Agostino Bergo<br \/><strong>Sviluppo Progetto artistico:<\/strong> Agostino Bergo<br \/><strong>Sviluppo contenuti ed esegesi <\/strong>Agostino Bergo<br \/><strong>Sviluppo artistico:<\/strong> Agostino Bergo<br \/><strong>Sviluppo intellettuale: <\/strong>Agostino Bergo<br \/><strong>Sviluppo pose\/composizione artistica: <\/strong>Agostino Bergo<\/p>\n<p><strong>Aforisma di riferimento:<\/strong> \u201cStrapparono il nostro tetto. In modo che il sole potesse risplendere anche su di noi.\u201d (A. Gotric)<br \/><strong>Modella: <\/strong>Eleonora Trezzi<br \/><strong>Scatti preparatori:<\/strong> Agostino Bergo<br \/><strong>Reportage preparazione dell&#8217;opera: <\/strong>Agostino Bergo<br \/><strong>Estrapolazione digitale di fotogrammi da filmati storici: <\/strong>Agostino Bergo<br \/><strong>Scatti opera definitiva:<\/strong> Danilo Fracassa<br \/><strong>Data di creazione: <\/strong>30.09.2013<br \/><strong>Collaborazione artistica: <\/strong>Katarina Simovic Ivankovic<br \/><strong>Interpretazione Brano di accompagnamento all&#8217;opera: <\/strong>Katarina Simovic Ivankovic<br \/><strong>Scelta brano di accompagnamento all&#8217;opera: <\/strong>Katarina Simovic Ivankovic<br \/><strong>Esecuzione Brano di accompagnamento all&#8217;opera: <\/strong>Katarina Simovic Ivankovic (Soprano), Dragana Djordjevic (Piano)<br \/><strong>Comunicazione, promozione e sviluppo collaborazione artistica: <\/strong>Gaetano e Slavica Paolillo della Societ\u00e0 Dante Alighieri, Comitato di Nis (SRB)<br \/><strong>Realizzazione contributi video: <\/strong>Gaetano e Slavica Paolillo della Societ\u00e0 Dante Alighieri, Comitato di Nis (SRB)<br \/><strong>Autorizzazione a pubblicazione contenuti video: <\/strong>Gaetano e Slavica Paolillo della Societ\u00e0 Dante Alighieri, Comitato di Nis (SRB)<br \/><strong>Data e luogo realizzazione contributi video: <\/strong>24.06.2013, Auditorium Universit\u00e0 di Nis (SRB)<br \/><strong>Tema: <\/strong>In occasione dell&#8217;anniversario dell&#8217;Editto di Milano Dell&#8217;imperatore Costantino, su invito della Dante Alighieri, si \u00e8 presentata l&#8217;occasione di rappresentare un&#8217;impressione su una citt\u00e0, divenuta, incontro dopo incotro, cara allo spirito.<br \/><strong>Impianto compositivo: <\/strong>Lo Spirito di Nis, dolcemente adagiato da sinistra a destra, per la quasi totalit\u00e0 dell&#8217;estensione orizzontale della tela, mette placidamente in comunicazione il cielo, la terra ed il fiume, attraverso la luce. Questa, di colore giallo inteso, parte dal fuoco delle mongolfiere, incendia gli alberi sul lungo-fiume e si tramuta in una flebile fiammella che illumina, attraverso le lanterne, i flutti notturni.<br \/><strong>Traduzione Testi: <\/strong>Marta Bergo<\/p>\n<p>[\/et_pb_text][\/et_pb_column][\/et_pb_row][\/et_pb_section]<\/p>\n","protected":false},"excerpt":{"rendered":"<p>Ciclo Serbia\u00a9 Agostino Bergo (2013 \u2013 2019) \u00a0politico allegorico, in acrilico su tela, sulle citt\u00e0 simbolo del conflitto e della rinascita, anche estetica, della Serbia, evolutosi, nel corso del 2013, una collaborazione artistica con la soprano serba Katarina Simovic Ivankovic (University Professor and Soprano in Choir of the Faculty of Arts in Nis \u2013 SRB [&hellip;]<\/p>\n","protected":false},"author":2,"featured_media":0,"parent":0,"menu_order":0,"comment_status":"closed","ping_status":"closed","template":"","meta":{"_et_pb_use_builder":"on","_et_pb_old_content":"","_et_gb_content_width":"","footnotes":""},"class_list":["post-2166","page","type-page","status-publish","hentry"],"_links":{"self":[{"href":"https:\/\/agostinobergo.art\/index.php\/wp-json\/wp\/v2\/pages\/2166"}],"collection":[{"href":"https:\/\/agostinobergo.art\/index.php\/wp-json\/wp\/v2\/pages"}],"about":[{"href":"https:\/\/agostinobergo.art\/index.php\/wp-json\/wp\/v2\/types\/page"}],"author":[{"embeddable":true,"href":"https:\/\/agostinobergo.art\/index.php\/wp-json\/wp\/v2\/users\/2"}],"replies":[{"embeddable":true,"href":"https:\/\/agostinobergo.art\/index.php\/wp-json\/wp\/v2\/comments?post=2166"}],"version-history":[{"count":5,"href":"https:\/\/agostinobergo.art\/index.php\/wp-json\/wp\/v2\/pages\/2166\/revisions"}],"predecessor-version":[{"id":2469,"href":"https:\/\/agostinobergo.art\/index.php\/wp-json\/wp\/v2\/pages\/2166\/revisions\/2469"}],"wp:attachment":[{"href":"https:\/\/agostinobergo.art\/index.php\/wp-json\/wp\/v2\/media?parent=2166"}],"curies":[{"name":"wp","href":"https:\/\/api.w.org\/{rel}","templated":true}]}}