{"id":2054,"date":"2019-06-05T15:09:20","date_gmt":"2019-06-05T15:09:20","guid":{"rendered":"https:\/\/provasiti.it\/?page_id=2054"},"modified":"2019-06-14T13:38:28","modified_gmt":"2019-06-14T13:38:28","slug":"kivankovic","status":"publish","type":"page","link":"https:\/\/agostinobergo.art\/index.php\/kivankovic\/","title":{"rendered":"K. Ivankovic"},"content":{"rendered":"<p>[et_pb_section fb_built=&#8221;1&#8243; _builder_version=&#8221;3.23.3&#8243; custom_padding=&#8221;79px||0px|||&#8221;][et_pb_row custom_padding=&#8221;0px|||||&#8221; custom_margin=&#8221;-29px|auto||auto||&#8221; _builder_version=&#8221;3.23.3&#8243;][et_pb_column type=&#8221;4_4&#8243; _builder_version=&#8221;3.23.3&#8243;][et_pb_text _builder_version=&#8221;3.23.3&#8243; text_font=&#8221;Verdana||||||||&#8221; custom_padding=&#8221;0px|||||&#8221;]<\/p>\n<h1 style=\"text-align: center;\">Katarina Simovic Ivankovic per Agostino Bergo<\/h1>\n<p>[\/et_pb_text][\/et_pb_column][\/et_pb_row][et_pb_row _builder_version=&#8221;3.23.3&#8243;][et_pb_column type=&#8221;4_4&#8243; _builder_version=&#8221;3.23.3&#8243;][et_pb_text _builder_version=&#8221;3.24&#8243; custom_margin=&#8221;||4px|||&#8221; custom_padding=&#8221;||16px|||&#8221;]<\/p>\n<p style=\"text-align: justify;\">Collaborazione artistica finalizzata ad un progetto ad hoc sulla Repubblica di Serbia. Grazie all\u2019organizzazione e comunicazione di Gaetano e Slavica Paolillo della Societ\u00e0 Dante Alighieri, Comitato di Nis (SRB) \u00e8 stata concordemente idea di un polittico che associasse a 4 acrilici su tela, ispirati dalle citt\u00e0 principali della Serbia, altrettanti brani della tradizione locale. I brani sono stati registrati dalla stessa Societ\u00e0 Dante Alighieri, durante un concerto privato, presso l\u2019Auditorium dell\u2019Universit\u00e0 di Nis (SRB) il 24.06.2013.<\/p>\n<p>[\/et_pb_text][et_pb_text _builder_version=&#8221;3.23.3&#8243; custom_margin=&#8221;||4px|||&#8221;]<\/p>\n<p style=\"text-align: center;\"><em><strong>JESENJA ELEGIJA (Elegia d&#8217;autunno)<\/strong><\/em><\/p>\n<p style=\"text-align: center;\"><em>Novi Sad \u00a9 Agostino Bergo (2013 \u2013 2019)<\/em><\/p>\n<p style=\"text-align: center;\"><em><\/em><\/p>\n<p>[\/et_pb_text][et_pb_video_slider _builder_version=&#8221;3.23.3&#8243; width=&#8221;50%&#8221; width_phone=&#8221;100%&#8221; width_last_edited=&#8221;on|phone&#8221; module_alignment=&#8221;center&#8221;][et_pb_video_slider_item src=&#8221;https:\/\/agostinobergo.art\/wp-content\/uploads\/2019\/06\/JESENJA-ELEGIJA-Elegia-dautunno.mp4&#8243; _builder_version=&#8221;3.23.3&#8243; show_image_overlay=&#8221;off&#8221;][\/et_pb_video_slider_item][\/et_pb_video_slider][\/et_pb_column][\/et_pb_row][et_pb_row _builder_version=&#8221;3.23.3&#8243;][et_pb_column type=&#8221;4_4&#8243; _builder_version=&#8221;3.23.3&#8243;][et_pb_text _builder_version=&#8221;3.23.3&#8243; custom_margin=&#8221;||4px|||&#8221;]<\/p>\n<p style=\"text-align: center;\"><em><strong>PO POLJU JE KI\u0160A PALA (E&#8217; caduta la pioggia sul campo)<\/strong><\/em><\/p>\n<p style=\"text-align: center;\"><em>Nis\u00a9 Agostino Bergo (2013 \u2013 2019)<\/em><\/p>\n<p style=\"text-align: center;\"><em><strong><\/strong><\/em><\/p>\n<p>[\/et_pb_text][et_pb_video_slider _builder_version=&#8221;3.23.3&#8243; width=&#8221;50%&#8221; width_phone=&#8221;100%&#8221; width_last_edited=&#8221;on|phone&#8221; module_alignment=&#8221;center&#8221;][et_pb_video_slider_item src=&#8221;https:\/\/agostinobergo.art\/wp-content\/uploads\/2019\/06\/PO-POLJU-JE-KI\u0160A-PALA-E-caduta-la-pioggia-sul-campo-1.mp4&#8243; _builder_version=&#8221;3.23.3&#8243; show_image_overlay=&#8221;off&#8221;][\/et_pb_video_slider_item][\/et_pb_video_slider][\/et_pb_column][\/et_pb_row][et_pb_row _builder_version=&#8221;3.23.3&#8243;][et_pb_column type=&#8221;4_4&#8243; _builder_version=&#8221;3.23.3&#8243;][et_pb_text _builder_version=&#8221;3.23.3&#8243; custom_margin=&#8221;||4px|||&#8221;]<\/p>\n<p style=\"text-align: center;\"><em><strong>ROMANSA (Romanza)<\/strong><\/em><\/p>\n<p style=\"text-align: center;\"><em>Knjazevac. Rapsodia in Blue\u00a9 Agostino Bergo (2013 \u2013 2019)<\/em><\/p>\n<p style=\"text-align: center;\"><em><\/em><\/p>\n<p>[\/et_pb_text][et_pb_video_slider _builder_version=&#8221;3.23.3&#8243; width=&#8221;50%&#8221; width_phone=&#8221;100%&#8221; width_last_edited=&#8221;on|phone&#8221; module_alignment=&#8221;center&#8221;][et_pb_video_slider_item src=&#8221;https:\/\/agostinobergo.art\/wp-content\/uploads\/2019\/06\/ROMANSA-Romanza.mp4&#8243; _builder_version=&#8221;3.23.3&#8243; show_image_overlay=&#8221;off&#8221;][\/et_pb_video_slider_item][\/et_pb_video_slider][\/et_pb_column][\/et_pb_row][\/et_pb_section]<\/p>\n","protected":false},"excerpt":{"rendered":"<p>Katarina Simovic Ivankovic per Agostino BergoCollaborazione artistica finalizzata ad un progetto ad hoc sulla Repubblica di Serbia. Grazie all\u2019organizzazione e comunicazione di Gaetano e Slavica Paolillo della Societ\u00e0 Dante Alighieri, Comitato di Nis (SRB) \u00e8 stata concordemente idea di un polittico che associasse a 4 acrilici su tela, ispirati dalle citt\u00e0 principali della Serbia, altrettanti [&hellip;]<\/p>\n","protected":false},"author":2,"featured_media":0,"parent":0,"menu_order":0,"comment_status":"closed","ping_status":"closed","template":"","meta":{"_et_pb_use_builder":"on","_et_pb_old_content":"","_et_gb_content_width":"","footnotes":""},"class_list":["post-2054","page","type-page","status-publish","hentry"],"_links":{"self":[{"href":"https:\/\/agostinobergo.art\/index.php\/wp-json\/wp\/v2\/pages\/2054"}],"collection":[{"href":"https:\/\/agostinobergo.art\/index.php\/wp-json\/wp\/v2\/pages"}],"about":[{"href":"https:\/\/agostinobergo.art\/index.php\/wp-json\/wp\/v2\/types\/page"}],"author":[{"embeddable":true,"href":"https:\/\/agostinobergo.art\/index.php\/wp-json\/wp\/v2\/users\/2"}],"replies":[{"embeddable":true,"href":"https:\/\/agostinobergo.art\/index.php\/wp-json\/wp\/v2\/comments?post=2054"}],"version-history":[{"count":1,"href":"https:\/\/agostinobergo.art\/index.php\/wp-json\/wp\/v2\/pages\/2054\/revisions"}],"predecessor-version":[{"id":2436,"href":"https:\/\/agostinobergo.art\/index.php\/wp-json\/wp\/v2\/pages\/2054\/revisions\/2436"}],"wp:attachment":[{"href":"https:\/\/agostinobergo.art\/index.php\/wp-json\/wp\/v2\/media?parent=2054"}],"curies":[{"name":"wp","href":"https:\/\/api.w.org\/{rel}","templated":true}]}}