{"id":1877,"date":"2019-06-04T13:38:24","date_gmt":"2019-06-04T13:38:24","guid":{"rendered":"https:\/\/provasiti.it\/?page_id=1877"},"modified":"2019-06-14T07:55:00","modified_gmt":"2019-06-14T07:55:00","slug":"collaborazioni","status":"publish","type":"page","link":"https:\/\/agostinobergo.art\/index.php\/collaborazioni\/","title":{"rendered":"Collaborazioni"},"content":{"rendered":"<p>[et_pb_section fb_built=&#8221;1&#8243; _builder_version=&#8221;3.23.3&#8243; custom_padding=&#8221;0px||0px|||&#8221;][et_pb_row custom_margin=&#8221;|auto|-5px|auto||&#8221; _builder_version=&#8221;3.23.3&#8243; min_height=&#8221;61px&#8221;][et_pb_column type=&#8221;4_4&#8243; _builder_version=&#8221;3.23.3&#8243;][et_pb_text _builder_version=&#8221;3.23.3&#8243; text_font=&#8221;Verdana||||||||&#8221; text_text_align=&#8221;center&#8221; custom_padding=&#8221;19px|||||&#8221;]<\/p>\n<h1>Collaborazioni<\/h1>\n<p>[\/et_pb_text][\/et_pb_column][\/et_pb_row][et_pb_row custom_padding=&#8221;9px|||||&#8221; custom_margin=&#8221;5px|auto|-9px|auto||&#8221; _builder_version=&#8221;3.23.3&#8243; min_height=&#8221;40px&#8221;][et_pb_column type=&#8221;4_4&#8243; _builder_version=&#8221;3.23.3&#8243;][et_pb_text _builder_version=&#8221;3.24&#8243; min_height=&#8221;44px&#8221; custom_margin=&#8221;-21px|||||&#8221; custom_padding=&#8221;||0px|||&#8221;]<\/p>\n<p><strong>GEOFFREY GORDON (Compositore e direttore d\u2019orchestra, Premio Copland 2008), 26.02.2018 \u2013 IN CORSO:<\/strong><br \/> Durante la realizzazione del dipinto \u201cDoctor Faustus di Thomas Mann: la Ribellione\u201d \u00a9 Agostino Bergo (2018 \u2013 2019), il compositore Geoffrey Gordon ha mandato personalmente a Bergo le pagine da 51 a 54 (assolo di violoncello) dello spartito orchestrale del suo \u201cConcerto for Cello and Orchestra (after Thomas Mann&#8217;s Doctor Faustus)&#8217; \u00a9 Geoffrey Gordon (2013) (parte IV.), autorizzando Agostino a dipingerlo sul suo quadro.<\/p>\n<p><strong>\u00a0LUCA SAINI (Fotografo), 22.11.2014 \u2013 01.05.2015:\u00a0<\/strong><br \/> &#8220;TheLOVERS&#8221; \u00a9 Luca Saini (2014-2019): Serie di ritratti di alcune coppie, dove almeno uno dei partner \u00e8 <strong>disabile<\/strong>. Agostino Bergo partecipa al progetto, come modello, con Monica Seksich. Lo scatto &#8220;Monica e Agostino&#8221; \u00a9 Luca Saini (2014-2019), realizzato\u00a0 presso il Museo di Arte Contemporanea Ettore Fico (TO), \u00e8 stato presentato ad ARTEFIERA 2015, Bologna, dal 23 al 26.01.2015.\u00a0<\/p>\n<p><strong>ROBERTA BIAGIARELLI (Attrice teatrale, Autrice e Documentarista), 05.07.2011 \u2013 30.08.2014<\/strong>:<br \/> Conosciuta in occasione della rappresentazione di \u201cA come Srebrenica\u201d al Festival dei Due Mondi di Spoleto, Roberta ha autorizzato la pubblicazione sul sito di Agostino Bergo di un estratto del documentario \u201cSouvenir Srebrenica\u201d. Ha acconsentito inoltre a prestare la sua voce per la lettura dei racconti scritti da Roberto Bonizzoni in una serie di registrazioni realizzate presso Massive Arts Studios S.r.l. di Via Villoresi n. 24 (Milano). Infine, in occasione di una replica di \u201cA come Srebrenica\u201d, a Piacenza, il 30.08.2014, R. Biagiarelli ha registrato una video-recensione per il quadro \u201cSrebrenica\u201d \u00a9 Agostino Bergo (2011 &#8211; 2019).<\/p>\n<p><strong>\u00a0MONICA MARIA SEKSICH (Artista e Art Director), 08.2014 &#8211; IN CORSO:<\/strong><br \/> Conosciutisi in occasione della premiazione della premiazione del \u201cLVIII Premio Basilio Cascella 2014\u201d, presso Delizia estense del Verginese. Via Verginese Gambulaga, 44015 Portomaggiore Ferrara (FE), il 01.05.2014, i due artisti intessono sia una relazione sentimentale che un sodalizio artistico che culmina con il Concept \u201cSeph [Erotica]\u201d \u00a9 Agostino Bergo e Monica Maria Seksich (2014-2018). Presentato a \u201cParatissima 09\u201d (05-09.11.2014), Corso Massimo d\u2019Azelio, 15, 10125, Torino (TO), il progetto esplora le Dieci Sante Emanazioni dell\u2019Albero della Vita nella dottrina cabalistica. Prendendo ciascuno l&#8217;altro artista a modello, ognuno ha rielaborato i concetti sottesi ad ogni singola Sephiroth (5 a testa). Ciascuna si riferisce ad una parte del corpo in particolare, che viene proposta enfatizzando l&#8217;erotismo intrinseco ad essa, attraverso lo studio di pose plastiche, sottese a linearit\u00e0 squisitamente estetiche.<\/p>\n<p><strong>DRAGA DZINIC (Soprano), 22.06 &#8211; 09.08.2013:<\/strong><br \/> Soprano della Societ\u00e0 Corale di Musica Sacra della Chiesa Ortodossa di San Sava \u201cBranko\u201d di Nis (SRB), ha collaborato ha trasformare il polittico \u201cOnce Upon a Time\u201d \u00a9 Agostino Bergo (2011 &#8211; 2019) in un\u2019istallazione. L\u2019istallazione, \u201cOnce Upon a Time\u201d \u00a9 Agostino Bergo e Draga Dzinic (2013- 2019), prevede l\u2019associazione tra i 5 quadri che compongono il polittico e 5 brani scelti ed interpretati dalla cantante. I brani sono stati registrati da Agostino Bergo Venerd\u00ec 09 Agosto 2013 presso la Sinagoga di Via Davidova a Nis (SRB) in presa diretta , senza accompagnamento di strumenti musicali e in singole esecuzioni senza alcuna modifica in post produzione.<br \/> Draga Dzinic ha inoltre realizzato, per il Concept \u201cBosnia\u201d \u00a9 Agostino Bergo (2011-2019), una sua interpretazione del brano di John Lennon \u201cImagine\u201d, registrata da Agostino Bergo presso il parco pubblico di Nis il 09.08.2013. Personale omaggio della Soprano serba alle vittime mussulmano-bosniache del Massacro di Srebrenica.<\/p>\n<p><strong>KATARINA SIMOVIC IVANKOVIC (Docente Accademico e Soprano), 24.06. &#8211; 09.08.2013:<\/strong><br \/> Concept \u201cSerbia\u201d \u00a9 Agostino Bergo (2013 &#8211; 2019): collaborazione artistica finalizzata ad un progetto ad hoc sulla Repubblica di Serbia. Grazie all\u2019organizzazione e comunicazione di Gaetano e Slavica Paolillo della Societ\u00e0 Dante Alighieri, Comitato di Nis (SRB) \u00e8 stata concordemente idea di un polittico che associasse a 4 acrilici su tela, ispirati dalle citt\u00e0 principali della Serbia, altrettanti brani della tradizione locale. I brani sono stati registrati dalla stessa Societ\u00e0 Dante Alighieri, durante un concerto privato, presso l\u2019Auditorium dell\u2019Universit\u00e0 di Nis (SRB) il 24.06.2013.<\/p>\n<p>[\/et_pb_text][\/et_pb_column][\/et_pb_row][\/et_pb_section]<\/p>\n","protected":false},"excerpt":{"rendered":"<p>CollaborazioniGEOFFREY GORDON (Compositore e direttore d\u2019orchestra, Premio Copland 2008), 26.02.2018 \u2013 IN CORSO: Durante la realizzazione del dipinto \u201cDoctor Faustus di Thomas Mann: la Ribellione\u201d \u00a9 Agostino Bergo (2018 \u2013 2019), il compositore Geoffrey Gordon ha mandato personalmente a Bergo le pagine da 51 a 54 (assolo di violoncello) dello spartito orchestrale del suo \u201cConcerto [&hellip;]<\/p>\n","protected":false},"author":2,"featured_media":0,"parent":0,"menu_order":0,"comment_status":"closed","ping_status":"closed","template":"","meta":{"_et_pb_use_builder":"on","_et_pb_old_content":"","_et_gb_content_width":"","footnotes":""},"class_list":["post-1877","page","type-page","status-publish","hentry"],"_links":{"self":[{"href":"https:\/\/agostinobergo.art\/index.php\/wp-json\/wp\/v2\/pages\/1877"}],"collection":[{"href":"https:\/\/agostinobergo.art\/index.php\/wp-json\/wp\/v2\/pages"}],"about":[{"href":"https:\/\/agostinobergo.art\/index.php\/wp-json\/wp\/v2\/types\/page"}],"author":[{"embeddable":true,"href":"https:\/\/agostinobergo.art\/index.php\/wp-json\/wp\/v2\/users\/2"}],"replies":[{"embeddable":true,"href":"https:\/\/agostinobergo.art\/index.php\/wp-json\/wp\/v2\/comments?post=1877"}],"version-history":[{"count":3,"href":"https:\/\/agostinobergo.art\/index.php\/wp-json\/wp\/v2\/pages\/1877\/revisions"}],"predecessor-version":[{"id":2391,"href":"https:\/\/agostinobergo.art\/index.php\/wp-json\/wp\/v2\/pages\/1877\/revisions\/2391"}],"wp:attachment":[{"href":"https:\/\/agostinobergo.art\/index.php\/wp-json\/wp\/v2\/media?parent=1877"}],"curies":[{"name":"wp","href":"https:\/\/api.w.org\/{rel}","templated":true}]}}