{"id":1863,"date":"2019-06-04T13:28:21","date_gmt":"2019-06-04T13:28:21","guid":{"rendered":"https:\/\/provasiti.it\/?page_id=1863"},"modified":"2022-11-10T12:09:38","modified_gmt":"2022-11-10T12:09:38","slug":"disegni","status":"publish","type":"page","link":"https:\/\/agostinobergo.art\/index.php\/disegni\/","title":{"rendered":"Disegni"},"content":{"rendered":"<p>[et_pb_section fb_built=&#8221;1&#8243; _builder_version=&#8221;4.16&#8243; custom_padding=&#8221;||0px|||&#8221; global_colors_info=&#8221;{}&#8221;][et_pb_row _builder_version=&#8221;4.16&#8243; custom_margin=&#8221;-29px|auto||auto||&#8221; custom_padding=&#8221;0px|||||&#8221; global_colors_info=&#8221;{}&#8221;][et_pb_column type=&#8221;4_4&#8243; _builder_version=&#8221;4.16&#8243; custom_padding=&#8221;|||&#8221; global_colors_info=&#8221;{}&#8221; custom_padding__hover=&#8221;|||&#8221;][et_pb_text _builder_version=&#8221;4.16&#8243; text_font=&#8221;Verdana||||||||&#8221; custom_padding=&#8221;0px|||||&#8221; global_colors_info=&#8221;{}&#8221;]<\/p>\n<h1 style=\"text-align: center;\">Disegni<\/h1>\n<p>[\/et_pb_text][et_pb_text _builder_version=&#8221;4.16&#8243; global_colors_info=&#8221;{}&#8221;]<\/p>\n<p style=\"text-align: center;\"><strong>\u00a9 <\/strong>Agostino Bergo (2002 \u2013 2019)<\/p>\n<p>[\/et_pb_text][\/et_pb_column][\/et_pb_row][et_pb_row _builder_version=&#8221;4.17.6&#8243; _module_preset=&#8221;default&#8221; global_colors_info=&#8221;{}&#8221; locked=&#8221;off&#8221;][et_pb_column type=&#8221;4_4&#8243; _builder_version=&#8221;4.17.6&#8243; _module_preset=&#8221;default&#8221; global_colors_info=&#8221;{}&#8221;][et_pb_image src=&#8221;https:\/\/agostinobergo.art\/wp-content\/uploads\/2019\/06\/001La-Crocifissione-Autoritratto.jpg&#8221; title_text=&#8221;001La-Crocifissione-Autoritratto&#8221; _builder_version=&#8221;4.17.6&#8243; _module_preset=&#8221;default&#8221; hover_enabled=&#8221;0&#8243; global_colors_info=&#8221;{}&#8221; sticky_enabled=&#8221;0&#8243;][\/et_pb_image][et_pb_text _builder_version=&#8221;4.17.6&#8243; _module_preset=&#8221;default&#8221; hover_enabled=&#8221;0&#8243; global_colors_info=&#8221;{}&#8221; sticky_enabled=&#8221;0&#8243;]<\/p>\n<h2><strong>La Crocifissione: Autoritratto<\/strong><\/h2>\n<p>\u00a0\u00a9 Agostino Bergo (2002 \u2013 2019) &#8211;\u00a0Dimensioni: 33 x 48cm<\/p>\n<p><strong>Titolo: <\/strong>\u201cLa Crocifissione: Autoritratto\u201d \u00a9 Agostino Bergo (2002 \u2013 2019)<br \/><strong>Tecnica: <\/strong>Matita e carboncino su F4Liscio<br \/><strong>Dimensioni: <\/strong>33x48cm<br \/><strong>Dimensioni cornice: <\/strong>50&#215;70 cm<br \/><strong>Data di creazione: <\/strong>Giugno 2002<br \/><strong>Citazione di riferimento: <\/strong>\u201c\u2026A me si conf\u00e0 unicamente il giorno seguente al domani. C\u2019\u00e8 chi \u00e8 nato postumo.\u201d (F. Nietzsche)<\/p>\n<p>[\/et_pb_text][\/et_pb_column][\/et_pb_row][et_pb_row _builder_version=&#8221;4.17.6&#8243; _module_preset=&#8221;default&#8221; global_colors_info=&#8221;{}&#8221; locked=&#8221;off&#8221;][et_pb_column type=&#8221;4_4&#8243; _builder_version=&#8221;4.17.6&#8243; _module_preset=&#8221;default&#8221; global_colors_info=&#8221;{}&#8221;][et_pb_image src=&#8221;https:\/\/agostinobergo.art\/wp-content\/uploads\/2019\/06\/002Esposizione-1999.jpg&#8221; title_text=&#8221;002Esposizione-1999&#8243; _builder_version=&#8221;4.17.6&#8243; _module_preset=&#8221;default&#8221; hover_enabled=&#8221;0&#8243; global_colors_info=&#8221;{}&#8221; sticky_enabled=&#8221;0&#8243;][\/et_pb_image][et_pb_text _builder_version=&#8221;4.17.6&#8243; _module_preset=&#8221;default&#8221; hover_enabled=&#8221;0&#8243; global_colors_info=&#8221;{}&#8221; sticky_enabled=&#8221;0&#8243;]<\/p>\n<h2><strong>Esposizione 1999<\/strong><\/h2>\n<p>\u00a9 Agostino Bergo (2002 \u2013 2019)\u00a0 &#8211; Dimensioni: 33 x 48cm<\/p>\n<p><strong>Titolo: <\/strong>\u201cEsposizione 1999\u201d \u00a9 Agostino Bergo (2002 \u2013 2019)<br \/><strong>Tecnica: <\/strong>Matita e carboncino su F4Liscio<br \/><strong>Dimensioni: <\/strong>33x48cm<br \/><strong>Dimensioni cornice: <\/strong>50&#215;70 cm<br \/><strong>Data di creazione: <\/strong>Giugno 2002<br \/><strong>Citazione di riferimento: <\/strong>\u201cLa vita di ogni singolo uomo non \u00e8 che una nuova immagine fuggitiva che la volont\u00e0 traccia per gioco sul foglio infinito dello spazio e del tempo.\u201d (A. Schopenhauer)<\/p>\n<p>[\/et_pb_text][\/et_pb_column][\/et_pb_row][et_pb_row _builder_version=&#8221;4.17.6&#8243; _module_preset=&#8221;default&#8221; global_colors_info=&#8221;{}&#8221; locked=&#8221;off&#8221;][et_pb_column type=&#8221;4_4&#8243; _builder_version=&#8221;4.17.6&#8243; _module_preset=&#8221;default&#8221; global_colors_info=&#8221;{}&#8221;][et_pb_image src=&#8221;https:\/\/agostinobergo.art\/wp-content\/uploads\/2019\/06\/005Dio.jpg&#8221; title_text=&#8221;005Dio&#8221; _builder_version=&#8221;4.17.6&#8243; _module_preset=&#8221;default&#8221; hover_enabled=&#8221;0&#8243; global_colors_info=&#8221;{}&#8221; sticky_enabled=&#8221;0&#8243;][\/et_pb_image][et_pb_text _builder_version=&#8221;4.17.6&#8243; _module_preset=&#8221;default&#8221; hover_enabled=&#8221;0&#8243; global_colors_info=&#8221;{}&#8221; sticky_enabled=&#8221;0&#8243;]<\/p>\n<h2><strong>Dio<\/strong><\/h2>\n<p>\u00a9 Agostino Bergo (2002 \u2013 2019)\u00a0 &#8211; Dimensioni: 33 x 48cm<\/p>\n<p><strong>Titolo: <\/strong>\u201cDio\u201d \u00a9 Agostino Bergo (2002 \u2013 2019)<br \/><strong>Tecnica: <\/strong>Matita e carboncino su F4Liscio<br \/><strong>Dimensioni: <\/strong>33x48cm<br \/><strong>Dimensioni cornice: <\/strong>50&#215;70 cm<br \/><strong>Data di creazione: <\/strong>Agosto 2002<br \/><strong>Citazione di riferimento: <\/strong>\u201cUn dio \u00e8 un uomo quando sogna, un mendicante quando riflette.\u201d (F. Holderlin)<\/p>\n<p>[\/et_pb_text][\/et_pb_column][\/et_pb_row][et_pb_row _builder_version=&#8221;4.17.6&#8243; _module_preset=&#8221;default&#8221; global_colors_info=&#8221;{}&#8221; locked=&#8221;off&#8221;][et_pb_column type=&#8221;4_4&#8243; _builder_version=&#8221;4.17.6&#8243; _module_preset=&#8221;default&#8221; global_colors_info=&#8221;{}&#8221;][et_pb_image src=&#8221;https:\/\/agostinobergo.art\/wp-content\/uploads\/2019\/06\/021Lo-straniero-che-incontra-Dio.jpg&#8221; title_text=&#8221;021Lo-straniero-che-incontra-Dio&#8221; _builder_version=&#8221;4.17.6&#8243; _module_preset=&#8221;default&#8221; hover_enabled=&#8221;0&#8243; global_colors_info=&#8221;{}&#8221; sticky_enabled=&#8221;0&#8243;][\/et_pb_image][et_pb_text _builder_version=&#8221;4.17.6&#8243; _module_preset=&#8221;default&#8221; hover_enabled=&#8221;0&#8243; global_colors_info=&#8221;{}&#8221; sticky_enabled=&#8221;0&#8243;]<\/p>\n<h2><strong>Lo straniero che incontra Dio<\/strong><\/h2>\n<p>\u00a9 Agostino Bergo (2005 \u2013 2019)\u00a0 &#8211; Dimensioni: 33 x 48cm<\/p>\n<p><strong>Titolo: <\/strong>\u201cLo Straniero che incontra Dio\u201d \u00a9 Agostino Bergo (2005 \u2013 2019)<br \/><strong>Tecnica: <\/strong>Matita e pastelli su F4Liscio<br \/><strong>Dimensioni: <\/strong>33x48cm<br \/><strong>Dimensioni cornice: <\/strong>50&#215;70 cm<br \/><strong>Data di creazione: <\/strong>Gennaio 2005<br \/><strong>Citazione di riferimento: <\/strong>\u201cNella fede morirono tutti costoro, pur non avendo conseguito i beni promessi, ma avendoli solo veduti e salutati di lontano, dichiarando di essere stranieri e pellegrini sopra la terra. Chi dice cos\u00ec, infatti, dimostra di essere alla ricerca di una patria. Se avessero pensato a quella da cui erano usciti, avrebbero avuto possibilit\u00e0 di ritornarvi; ora invece essi aspirano a una migliore, cio\u00e8 a quella celeste. Per questo Dio non disdegna di chiamarsi loro Dio; ha preparato infatti per loro una citt\u00e0.\u201d (Eb. 11,13,16)<\/p>\n<p>[\/et_pb_text][\/et_pb_column][\/et_pb_row][et_pb_row _builder_version=&#8221;4.17.6&#8243; _module_preset=&#8221;default&#8221; global_colors_info=&#8221;{}&#8221; locked=&#8221;off&#8221;][et_pb_column type=&#8221;4_4&#8243; _builder_version=&#8221;4.17.6&#8243; _module_preset=&#8221;default&#8221; global_colors_info=&#8221;{}&#8221;][et_pb_image src=&#8221;https:\/\/agostinobergo.art\/wp-content\/uploads\/2019\/06\/023Orfano.jpg&#8221; title_text=&#8221;023Orfano&#8221; _builder_version=&#8221;4.17.6&#8243; _module_preset=&#8221;default&#8221; hover_enabled=&#8221;0&#8243; global_colors_info=&#8221;{}&#8221; sticky_enabled=&#8221;0&#8243;][\/et_pb_image][et_pb_text _builder_version=&#8221;4.17.6&#8243; _module_preset=&#8221;default&#8221; hover_enabled=&#8221;0&#8243; global_colors_info=&#8221;{}&#8221; sticky_enabled=&#8221;0&#8243;]<\/p>\n<h2><strong>Orfano<\/strong><\/h2>\n<p>\u00a9 Agostino Bergo (2004 \u2013 2019)\u00a0 &#8211; Dimensioni: 33 x 48cm<\/p>\n<p><strong>Titolo: <\/strong>\u201cOrfano\u201d \u00a9 Agostino Bergo (2004 \u2013 2019)<br \/><strong>Tecnica: <\/strong>Matita, carboncino e Pastello rosso su F4Liscio<br \/><strong>Dimensioni: <\/strong>33x48cm<br \/><strong>Dimensioni cornice: <\/strong>50&#215;70 cm<br \/><strong>Data di creazione: <\/strong>Settembre 2004<br \/><strong>Citazione di riferimento: <\/strong>\u201dCi\u00f2 che Agostino Bergo ha impresso qui sul foglio non \u00e8 un semplice disegno: \u00e8 piuttosto un baluginio della conoscenza, ai limite del sogno e dell\u2019incubo, protesa nell\u2019investigazione dell\u2019incerto ed ombreggiato territorio che divide il primo dal secondo.<br \/>Volti, assai noti e presenti nella coscienza collettiva, si susseguono in un gioco implicito e suggestivo di rimandi e di allusioni reciproche (Socrate, Kant, Einstein\u2026), secondo linee di un riconoscibile dinamismo circolare, che per\u00f2 trova un punto di riferimento e di coagulo nel volto paffuto del lattante in primo piano.<br \/>Il neonato, colto in un moment6o di assoluta normalit\u00e0 quotidiana, mentre succhia il dito, sembra ignaro di ci\u00f2 che lo circonda, senza che nessun timore lo minacci.<br \/>Forse allora, in un insieme cos\u00ec inquietante e polisenso, il volto di questo piccolo uomo che viene al mondo innocente \u2013 in attesa delle colpe che lo segneranno irrimediabilmente \u2013 pu\u00f2 acquistare anche il senso di un riscatto, di una segreta speranza di vita e di opere.\u201d (Vincenzo Vitale)<\/p>\n<p>[\/et_pb_text][\/et_pb_column][\/et_pb_row][et_pb_row _builder_version=&#8221;4.17.6&#8243; _module_preset=&#8221;default&#8221; global_colors_info=&#8221;{}&#8221; locked=&#8221;off&#8221;][et_pb_column type=&#8221;4_4&#8243; _builder_version=&#8221;4.17.6&#8243; _module_preset=&#8221;default&#8221; global_colors_info=&#8221;{}&#8221;][et_pb_image src=&#8221;https:\/\/agostinobergo.art\/wp-content\/uploads\/2019\/06\/030Notre-Dame1.jpg&#8221; title_text=&#8221;030Notre-Dame1&#8243; _builder_version=&#8221;4.17.6&#8243; _module_preset=&#8221;default&#8221; hover_enabled=&#8221;0&#8243; global_colors_info=&#8221;{}&#8221; sticky_enabled=&#8221;0&#8243;][\/et_pb_image][et_pb_text _builder_version=&#8221;4.17.6&#8243; _module_preset=&#8221;default&#8221; hover_enabled=&#8221;0&#8243; global_colors_info=&#8221;{}&#8221; sticky_enabled=&#8221;0&#8243;]<\/p>\n<h2><strong>Notre Dame<\/strong><\/h2>\n<p>\u00a9 Agostino Bergo (2004 \u2013 2019)\u00a0 &#8211; Dimensioni: 33 x 48cm<\/p>\n<p><strong>Titolo: <\/strong>\u201cNotre Dame\u201d \u00a9 Agostino Bergo (2004 \u2013 2019)<br \/><strong>Tecnica: <\/strong>Matita e carboncino su F4Liscio<br \/><strong>Dimensioni: <\/strong>33x48cm<br \/><strong>Data di creazione: <\/strong>Ottobre 2006<br \/><strong>Citazione di riferimento: <\/strong>\u201cEndure the pain you know my name I am your soul insane I am no one no one who cares I am your soul despair Your fear deceives vulnerability leaving an easy prey Consume your mind a power so divine will take you and rape you blind \u201d (Slayer)<\/p>\n<p>[\/et_pb_text][\/et_pb_column][\/et_pb_row][\/et_pb_section]<\/p>\n","protected":false},"excerpt":{"rendered":"<p>Disegni\u00a9 Agostino Bergo (2002 \u2013 2019)La Crocifissione: Autoritratto \u00a0\u00a9 Agostino Bergo (2002 \u2013 2019) &#8211;\u00a0Dimensioni: 33 x 48cm Titolo: \u201cLa Crocifissione: Autoritratto\u201d \u00a9 Agostino Bergo (2002 \u2013 2019)Tecnica: Matita e carboncino su F4LiscioDimensioni: 33x48cmDimensioni cornice: 50&#215;70 cmData di creazione: Giugno 2002Citazione di riferimento: \u201c\u2026A me si conf\u00e0 unicamente il giorno seguente al domani. C\u2019\u00e8 chi [&hellip;]<\/p>\n","protected":false},"author":2,"featured_media":0,"parent":0,"menu_order":0,"comment_status":"closed","ping_status":"closed","template":"","meta":{"_et_pb_use_builder":"on","_et_pb_old_content":"","_et_gb_content_width":"","footnotes":""},"class_list":["post-1863","page","type-page","status-publish","hentry"],"_links":{"self":[{"href":"https:\/\/agostinobergo.art\/index.php\/wp-json\/wp\/v2\/pages\/1863"}],"collection":[{"href":"https:\/\/agostinobergo.art\/index.php\/wp-json\/wp\/v2\/pages"}],"about":[{"href":"https:\/\/agostinobergo.art\/index.php\/wp-json\/wp\/v2\/types\/page"}],"author":[{"embeddable":true,"href":"https:\/\/agostinobergo.art\/index.php\/wp-json\/wp\/v2\/users\/2"}],"replies":[{"embeddable":true,"href":"https:\/\/agostinobergo.art\/index.php\/wp-json\/wp\/v2\/comments?post=1863"}],"version-history":[{"count":1,"href":"https:\/\/agostinobergo.art\/index.php\/wp-json\/wp\/v2\/pages\/1863\/revisions"}],"predecessor-version":[{"id":2482,"href":"https:\/\/agostinobergo.art\/index.php\/wp-json\/wp\/v2\/pages\/1863\/revisions\/2482"}],"wp:attachment":[{"href":"https:\/\/agostinobergo.art\/index.php\/wp-json\/wp\/v2\/media?parent=1863"}],"curies":[{"name":"wp","href":"https:\/\/api.w.org\/{rel}","templated":true}]}}